{"id":7,"date":"2024-10-29T19:54:09","date_gmt":"2024-10-29T18:54:09","guid":{"rendered":"http:\/\/carnets-de-routes.fr\/?page_id=7"},"modified":"2024-11-20T07:06:34","modified_gmt":"2024-11-20T06:06:34","slug":"a-propos-de","status":"publish","type":"page","link":"http:\/\/carnets-de-routes.fr\/?page_id=7","title":{"rendered":"\u00c0 propos de"},"content":{"rendered":"\n<p><strong>&#8220;Le voyage est la seule chose que l&#8217;on ach\u00e8te et qui nous rende plus riche.&#8221;<\/strong><br>Parce que chaque destination, chaque rencontre, chaque aventure ajoute une richesse infinie \u00e0 nos vies, et \u00e7a, c\u2019est bien plus pr\u00e9cieux que n&#8217;importe quelle pi\u00e8ce d&#8217;or !<\/p>\n\n\n\n<p><strong>Je m&#8217;appelle Violaine, je suis passionn\u00e9e de voyages.<\/strong><br>Depuis toute petite, l&#8217;id\u00e9e de voyager m\u2019a toujours fascin\u00e9. J&#8217;adorais regarder des images de montagnes majestueuses, de mers infinies, et d&#8217;animaux exotiques \u00e0 la t\u00e9l\u00e9vision ou dans les magazines. Ces images \u00e9veillaient en moi un d\u00e9sir irr\u00e9sistible d&#8217;explorer le monde. En fait, je pense que le voyage m&#8217;habite depuis toujours.<\/p>\n\n\n\n<p>Au fil des ann\u00e9es, cette passion est devenue bien plus qu&#8217;une simple envie : j&#8217;en ai fait mon m\u00e9tier. J&#8217;ai eu la chance de parcourir de nombreuses destinations, de d\u00e9couvrir des cultures riches et vari\u00e9es, de m&#8217;immerger dans des paysages naturels \u00e0 couper le souffle et de vivre des exp\u00e9riences humaines uniques. Chaque voyage m\u2019a permis de nourrir ma curiosit\u00e9 et d&#8217;affiner mes connaissances.<\/p>\n\n\n\n<p>Aujourd&#8217;hui, je mets cette expertise et ces connaissances au service de ceux qui souhaitent partir \u00e0 la d\u00e9couverte du monde. Mon objectif est de concevoir des voyages sur mesure, adapt\u00e9s aux envies et aux besoins de chacun. Que vous soyez en qu\u00eate d&#8217;aventure, de d\u00e9tente ou de d\u00e9couvertes culturelles, je vous accompagne pour cr\u00e9er un itin\u00e9raire unique, o\u00f9 chaque rencontre, chaque moment, se vit pleinement.<\/p>\n\n\n\n<p>Parce que pour moi, chaque voyage est une exp\u00e9rience \u00e0 vivre intens\u00e9ment, et chaque rencontre avec les locaux est une chance de s\u2019enrichir et de grandir. Si vous avez envie de vivre des moments inoubliables et de partir \u00e0 la rencontre du monde autrement, je serai ravie de vous aider \u00e0 organiser votre prochain voyage.<\/p>\n\n\n\n<p><strong>Et rappelez-vous : le voyage commence toujours en ouvrant un carnet de route. Ensemble, cr\u00e9ons celui qui vous emm\u00e8nera vers votre prochaine aventure !<\/strong><\/p>\n\n\n\n<p><\/p>\n","protected":false},"excerpt":{"rendered":"<p>&#8220;Le voyage est la seule chose que l&#8217;on ach\u00e8te et qui nous rende plus riche.&#8221;Parce que chaque destination, chaque rencontre, chaque aventure ajoute une richesse infinie \u00e0 nos vies, et \u00e7a, c\u2019est bien plus pr\u00e9cieux que n&#8217;importe quelle pi\u00e8ce d&#8217;or ! Je m&#8217;appelle Violaine, je suis passionn\u00e9e de voyages.Depuis toute petite, l&#8217;id\u00e9e de voyager m\u2019a [&hellip;]<\/p>\n","protected":false},"author":1,"featured_media":0,"parent":0,"menu_order":0,"comment_status":"closed","ping_status":"closed","template":"","meta":{"footnotes":""},"class_list":["post-7","page","type-page","status-publish","hentry"],"_links":{"self":[{"href":"http:\/\/carnets-de-routes.fr\/index.php?rest_route=\/wp\/v2\/pages\/7","targetHints":{"allow":["GET"]}}],"collection":[{"href":"http:\/\/carnets-de-routes.fr\/index.php?rest_route=\/wp\/v2\/pages"}],"about":[{"href":"http:\/\/carnets-de-routes.fr\/index.php?rest_route=\/wp\/v2\/types\/page"}],"author":[{"embeddable":true,"href":"http:\/\/carnets-de-routes.fr\/index.php?rest_route=\/wp\/v2\/users\/1"}],"replies":[{"embeddable":true,"href":"http:\/\/carnets-de-routes.fr\/index.php?rest_route=%2Fwp%2Fv2%2Fcomments&post=7"}],"version-history":[{"count":3,"href":"http:\/\/carnets-de-routes.fr\/index.php?rest_route=\/wp\/v2\/pages\/7\/revisions"}],"predecessor-version":[{"id":185,"href":"http:\/\/carnets-de-routes.fr\/index.php?rest_route=\/wp\/v2\/pages\/7\/revisions\/185"}],"wp:attachment":[{"href":"http:\/\/carnets-de-routes.fr\/index.php?rest_route=%2Fwp%2Fv2%2Fmedia&parent=7"}],"curies":[{"name":"wp","href":"https:\/\/api.w.org\/{rel}","templated":true}]}}